{"id":1923,"date":"2021-01-24T08:05:30","date_gmt":"2021-01-24T07:05:30","guid":{"rendered":"http:\/\/asservir.com\/?page_id=1923"},"modified":"2023-05-14T13:48:19","modified_gmt":"2023-05-14T11:48:19","slug":"corporate-philosophy","status":"publish","type":"page","link":"https:\/\/asservire.com\/en\/corporate-philosophy\/","title":{"rendered":"Vision | Mission | Values | Self-Image"},"content":{"rendered":"<div data-elementor-type=\"wp-page\" data-elementor-id=\"1923\" class=\"elementor elementor-1923\" data-elementor-post-type=\"page\">\n\t\t\t\t\t\t<section class=\"elementor-section elementor-top-section elementor-element elementor-element-8ef0d30 elementor-section-height-min-height elementor-section-boxed elementor-section-height-default elementor-section-items-middle\" data-id=\"8ef0d30\" data-element_type=\"section\" data-settings=\"{&quot;background_background&quot;:&quot;classic&quot;}\">\n\t\t\t\t\t\t<div class=\"elementor-container elementor-column-gap-default\">\n\t\t\t\t\t<div class=\"elementor-column elementor-col-100 elementor-top-column elementor-element elementor-element-7429951b\" data-id=\"7429951b\" data-element_type=\"column\">\n\t\t\t<div class=\"elementor-widget-wrap elementor-element-populated\">\n\t\t\t\t\t\t<div class=\"elementor-element elementor-element-f824fd8 elementor-widget elementor-widget-text-editor\" data-id=\"f824fd8\" data-element_type=\"widget\" data-widget_type=\"text-editor.default\">\n\t\t\t\t<div class=\"elementor-widget-container\">\n\t\t\t\t\t\t\t\t\t<p>Find out more about ASSERVIRE's corporate philosophy<\/p>\t\t\t\t\t\t\t\t<\/div>\n\t\t\t\t<\/div>\n\t\t\t\t<div class=\"elementor-element elementor-element-a814126 elementor-headline--style-highlight elementor-widget elementor-widget-animated-headline\" data-id=\"a814126\" data-element_type=\"widget\" data-settings=\"{&quot;marker&quot;:&quot;underline&quot;,&quot;highlighted_text&quot;:&quot;Vision | Mission | Werte&quot;,&quot;headline_style&quot;:&quot;highlight&quot;,&quot;loop&quot;:&quot;yes&quot;,&quot;highlight_animation_duration&quot;:1200,&quot;highlight_iteration_delay&quot;:8000}\" data-widget_type=\"animated-headline.default\">\n\t\t\t\t<div class=\"elementor-widget-container\">\n\t\t\t\t\t\t\t<h3 class=\"elementor-headline\">\n\t\t\t\t<span class=\"elementor-headline-dynamic-wrapper elementor-headline-text-wrapper\">\n\t\t\t\t\t<span class=\"elementor-headline-dynamic-text elementor-headline-text-active\">Vision | Mission | Values<\/span>\n\t\t\t\t<\/span>\n\t\t\t\t<\/h3>\n\t\t\t\t\t\t<\/div>\n\t\t\t\t<\/div>\n\t\t\t\t\t<\/div>\n\t\t<\/div>\n\t\t\t\t\t<\/div>\n\t\t<\/section>\n\t\t\t\t<section class=\"elementor-section elementor-top-section elementor-element elementor-element-4ecc9a3 elementor-section-boxed elementor-section-height-default elementor-section-height-default\" data-id=\"4ecc9a3\" data-element_type=\"section\">\n\t\t\t\t\t\t<div class=\"elementor-container elementor-column-gap-default\">\n\t\t\t\t\t<div class=\"elementor-column elementor-col-100 elementor-top-column elementor-element elementor-element-1f1c56f\" data-id=\"1f1c56f\" data-element_type=\"column\">\n\t\t\t<div class=\"elementor-widget-wrap elementor-element-populated\">\n\t\t\t\t\t\t<div class=\"elementor-element elementor-element-27c3f2c elementor-widget elementor-widget-heading\" data-id=\"27c3f2c\" data-element_type=\"widget\" data-widget_type=\"heading.default\">\n\t\t\t\t<div class=\"elementor-widget-container\">\n\t\t\t\t\t<h2 class=\"elementor-heading-title elementor-size-default\">Vision<\/h2>\t\t\t\t<\/div>\n\t\t\t\t<\/div>\n\t\t\t\t\t<\/div>\n\t\t<\/div>\n\t\t\t\t\t<\/div>\n\t\t<\/section>\n\t\t\t\t<section class=\"elementor-section elementor-top-section elementor-element elementor-element-5440dad elementor-section-full_width elementor-section-height-default elementor-section-height-default\" data-id=\"5440dad\" data-element_type=\"section\">\n\t\t\t\t\t\t<div class=\"elementor-container elementor-column-gap-default\">\n\t\t\t\t\t<div class=\"elementor-column elementor-col-100 elementor-top-column elementor-element elementor-element-fa4179f\" data-id=\"fa4179f\" data-element_type=\"column\">\n\t\t\t<div class=\"elementor-widget-wrap elementor-element-populated\">\n\t\t\t\t\t\t<div class=\"elementor-element elementor-element-1593f28 elementor-widget elementor-widget-text-editor\" data-id=\"1593f28\" data-element_type=\"widget\" data-widget_type=\"text-editor.default\">\n\t\t\t\t<div class=\"elementor-widget-container\">\n\t\t\t\t\t\t\t\t\t<p>Through ASSERVIRE, every manager should continuously develop his or her personality and action competence, make himself or herself and his or her own company successful, and thereby secure Germany as a business location in the long term.<\/p>\t\t\t\t\t\t\t\t<\/div>\n\t\t\t\t<\/div>\n\t\t\t\t\t<\/div>\n\t\t<\/div>\n\t\t\t\t\t<\/div>\n\t\t<\/section>\n\t\t\t\t<section class=\"elementor-section elementor-top-section elementor-element elementor-element-609dfc2 elementor-section-boxed elementor-section-height-default elementor-section-height-default\" data-id=\"609dfc2\" data-element_type=\"section\">\n\t\t\t\t\t\t<div class=\"elementor-container elementor-column-gap-default\">\n\t\t\t\t\t<div class=\"elementor-column elementor-col-100 elementor-top-column elementor-element elementor-element-5885672\" data-id=\"5885672\" data-element_type=\"column\">\n\t\t\t<div class=\"elementor-widget-wrap elementor-element-populated\">\n\t\t\t\t\t\t<div class=\"elementor-element elementor-element-04555e7 elementor-widget elementor-widget-heading\" data-id=\"04555e7\" data-element_type=\"widget\" data-widget_type=\"heading.default\">\n\t\t\t\t<div class=\"elementor-widget-container\">\n\t\t\t\t\t<h2 class=\"elementor-heading-title elementor-size-default\">Mission<\/h2>\t\t\t\t<\/div>\n\t\t\t\t<\/div>\n\t\t\t\t\t<\/div>\n\t\t<\/div>\n\t\t\t\t\t<\/div>\n\t\t<\/section>\n\t\t\t\t<section class=\"elementor-section elementor-top-section elementor-element elementor-element-400a265 elementor-section-full_width elementor-section-height-default elementor-section-height-default\" data-id=\"400a265\" data-element_type=\"section\">\n\t\t\t\t\t\t<div class=\"elementor-container elementor-column-gap-default\">\n\t\t\t\t\t<div class=\"elementor-column elementor-col-100 elementor-top-column elementor-element elementor-element-be5c45d\" data-id=\"be5c45d\" data-element_type=\"column\">\n\t\t\t<div class=\"elementor-widget-wrap elementor-element-populated\">\n\t\t\t\t\t\t<div class=\"elementor-element elementor-element-6b2cb72 elementor-widget elementor-widget-text-editor\" data-id=\"6b2cb72\" data-element_type=\"widget\" data-widget_type=\"text-editor.default\">\n\t\t\t\t<div class=\"elementor-widget-container\">\n\t\t\t\t\t\t\t\t\t<p>According to our company name (asservire lat: to be helpful, to assist, to support) we help executives of companies with their daily challenges. In doing so, we take on a mentor, coach or trainer role and provide active support by making available and applying our proven tools and methods.<\/p>\t\t\t\t\t\t\t\t<\/div>\n\t\t\t\t<\/div>\n\t\t\t\t\t<\/div>\n\t\t<\/div>\n\t\t\t\t\t<\/div>\n\t\t<\/section>\n\t\t\t\t<section class=\"elementor-section elementor-top-section elementor-element elementor-element-fac1cea elementor-section-boxed elementor-section-height-default elementor-section-height-default\" data-id=\"fac1cea\" data-element_type=\"section\">\n\t\t\t\t\t\t<div class=\"elementor-container elementor-column-gap-default\">\n\t\t\t\t\t<div class=\"elementor-column elementor-col-100 elementor-top-column elementor-element elementor-element-8292b28\" data-id=\"8292b28\" data-element_type=\"column\">\n\t\t\t<div class=\"elementor-widget-wrap elementor-element-populated\">\n\t\t\t\t\t\t<div class=\"elementor-element elementor-element-7193a41 elementor-widget elementor-widget-heading\" data-id=\"7193a41\" data-element_type=\"widget\" data-widget_type=\"heading.default\">\n\t\t\t\t<div class=\"elementor-widget-container\">\n\t\t\t\t\t<h2 class=\"elementor-heading-title elementor-size-default\">Values<\/h2>\t\t\t\t<\/div>\n\t\t\t\t<\/div>\n\t\t\t\t\t<\/div>\n\t\t<\/div>\n\t\t\t\t\t<\/div>\n\t\t<\/section>\n\t\t\t\t<section class=\"elementor-section elementor-top-section elementor-element elementor-element-f274d6e elementor-section-boxed elementor-section-height-default elementor-section-height-default\" data-id=\"f274d6e\" data-element_type=\"section\">\n\t\t\t\t\t\t<div class=\"elementor-container elementor-column-gap-default\">\n\t\t\t\t\t<div class=\"elementor-column elementor-col-100 elementor-top-column elementor-element elementor-element-3522ed5\" data-id=\"3522ed5\" data-element_type=\"column\">\n\t\t\t<div class=\"elementor-widget-wrap elementor-element-populated\">\n\t\t\t\t\t\t<div class=\"elementor-element elementor-element-d2db774 elementor-widget elementor-widget-text-editor\" data-id=\"d2db774\" data-element_type=\"widget\" data-widget_type=\"text-editor.default\">\n\t\t\t\t<div class=\"elementor-widget-container\">\n\t\t\t\t\t\t\t\t\t<ol><li>We focus on the needs of executives. Through our reliability, transparency, confidentiality, accuracy as well as our quality standards, we help them achieve and exceed their personal and professional goals.\u2028<\/li><li>We live the CIP* idea and therefore question our results daily and learn from them. New findings are incorporated into our service portfolio and create added value for our customers.\u2028<\/li><li>We convince through high morale, discipline and loyalty. This makes us a reliable partner for our customers in all career phases - from application to leaving a company.<\/li><\/ol><p>* Continuous improvement process<\/p>\t\t\t\t\t\t\t\t<\/div>\n\t\t\t\t<\/div>\n\t\t\t\t\t<\/div>\n\t\t<\/div>\n\t\t\t\t\t<\/div>\n\t\t<\/section>\n\t\t\t\t<section class=\"elementor-section elementor-top-section elementor-element elementor-element-b4bf110 elementor-section-boxed elementor-section-height-default elementor-section-height-default\" data-id=\"b4bf110\" data-element_type=\"section\">\n\t\t\t\t\t\t<div class=\"elementor-container elementor-column-gap-default\">\n\t\t\t\t\t<div class=\"elementor-column elementor-col-100 elementor-top-column elementor-element elementor-element-43ca4e5\" data-id=\"43ca4e5\" data-element_type=\"column\">\n\t\t\t<div class=\"elementor-widget-wrap elementor-element-populated\">\n\t\t\t\t\t\t<div class=\"elementor-element elementor-element-c36b966 elementor-widget elementor-widget-heading\" data-id=\"c36b966\" data-element_type=\"widget\" data-widget_type=\"heading.default\">\n\t\t\t\t<div class=\"elementor-widget-container\">\n\t\t\t\t\t<h2 class=\"elementor-heading-title elementor-size-default\">Corporate Philosophy<\/h2>\t\t\t\t<\/div>\n\t\t\t\t<\/div>\n\t\t\t\t\t<\/div>\n\t\t<\/div>\n\t\t\t\t\t<\/div>\n\t\t<\/section>\n\t\t\t\t<section class=\"elementor-section elementor-top-section elementor-element elementor-element-5161a1a elementor-section-boxed elementor-section-height-default elementor-section-height-default\" data-id=\"5161a1a\" data-element_type=\"section\">\n\t\t\t\t\t\t<div class=\"elementor-container elementor-column-gap-default\">\n\t\t\t\t\t<div class=\"elementor-column elementor-col-100 elementor-top-column elementor-element elementor-element-6a48e63\" data-id=\"6a48e63\" data-element_type=\"column\">\n\t\t\t<div class=\"elementor-widget-wrap elementor-element-populated\">\n\t\t\t\t\t\t<div class=\"elementor-element elementor-element-68cb569 elementor-widget elementor-widget-text-editor\" data-id=\"68cb569\" data-element_type=\"widget\" data-widget_type=\"text-editor.default\">\n\t\t\t\t<div class=\"elementor-widget-container\">\n\t\t\t\t\t\t\t\t\t<p>We have summarized our self-image under the term <strong>IMPACT<\/strong> which stands for the following 6 key points:<\/p><p><strong>I<span style=\"color: #00b0f0;\">NTEREST<\/span> | M<span style=\"color: #00b0f0;\">OTIVATION<\/span> | P<span style=\"color: #00b0f0;\">ROFESSIONALISM<\/span> | A<span style=\"color: #00b0f0;\">CTIVITY<\/span> | C<span style=\"color: #00b0f0;\">HARISMA<\/span> | T<span style=\"color: #00b0f0;\">EAMWORK<\/span><\/strong><\/p><p><span style=\"color: #00b0f0;\">INTEREST\u00a0<\/span><br \/><strong>We are interested in you personally and your professional career.<\/strong> Therefore, we reflect on our activities with regard to the advantages and disadvantages for your career path, taking into account your personal situation, and actively offer assistance.<\/p><p><span style=\"color: #00b0f0;\">MOTIVATION<\/span><br \/><strong>We are motivated to make the best of your career.<\/strong> To this end, we are constantly educating ourselves, scrutinizing our portfolio of offerings, expanding our network of experts and thereby achieving high standards.<\/p><p><span style=\"color: #00b0f0;\">PROFESSIONALISM<\/span><br \/><strong>We provide you with documents and results in excellent quality.<\/strong> We achieve this by setting our own high standards for our offers, documents, written materials, presentations and our communication processes. For all documents, we place increased value on compliance with corporate identity specifications in terms of content and form.<\/p><p><span style=\"color: #00b0f0;\">ACTIVITY<\/span><br \/><strong>We actively support you with our knowledge and resources.<\/strong> In doing so, we use tools that we have developed ourselves and successfully used in the industry. We expand these for you as needed and make them available to you for your career.<\/p><p><span style=\"color: #00b0f0;\">CHARISMA <\/span><b><br \/>We want to inspire you. <\/b>With our positive charisma and healthy optimism, we want to inspire you to develop your full potential. Therefore, if necessary, we not only focus on your professional issues, but also offer solutions for your private life with our network of experts.<\/p><p><span style=\"color: #00b0f0;\">TEAMWORK<\/span><br \/><strong>We work with you as a team.<\/strong> In doing so, we live a professional and appreciative interaction with you and our network of experts. For us, appreciation and closeness are the basis for mutual trust and an honest exchange. It is very important to us that you feel well cared for with your topics.<\/p><div>\u00a0<\/div><div>\u00a0<\/div><div>\u00a0<\/div>\t\t\t\t\t\t\t\t<\/div>\n\t\t\t\t<\/div>\n\t\t\t\t\t<\/div>\n\t\t<\/div>\n\t\t\t\t\t<\/div>\n\t\t<\/section>\n\t\t\t\t<section class=\"elementor-section elementor-top-section elementor-element elementor-element-0740916 elementor-section-boxed elementor-section-height-default elementor-section-height-default\" data-id=\"0740916\" data-element_type=\"section\">\n\t\t\t\t\t\t<div class=\"elementor-container elementor-column-gap-default\">\n\t\t\t\t\t<div class=\"elementor-column elementor-col-33 elementor-top-column elementor-element elementor-element-d8ec3bd\" data-id=\"d8ec3bd\" data-element_type=\"column\">\n\t\t\t<div class=\"elementor-widget-wrap\">\n\t\t\t\t\t\t\t<\/div>\n\t\t<\/div>\n\t\t\t\t<div class=\"elementor-column elementor-col-33 elementor-top-column elementor-element elementor-element-e0e2ac7\" data-id=\"e0e2ac7\" data-element_type=\"column\">\n\t\t\t<div class=\"elementor-widget-wrap elementor-element-populated\">\n\t\t\t\t\t\t<div class=\"elementor-element elementor-element-67a78d9 elementor-widget elementor-widget-image\" data-id=\"67a78d9\" data-element_type=\"widget\" data-widget_type=\"image.default\">\n\t\t\t\t<div class=\"elementor-widget-container\">\n\t\t\t\t\t\t\t\t\t\t\t\t\t\t\t<img fetchpriority=\"high\" decoding=\"async\" width=\"512\" height=\"512\" src=\"https:\/\/asservire.com\/wp-content\/uploads\/2022\/11\/cropped-Flavicon_Retina.png\" class=\"attachment-large size-large wp-image-9830\" alt=\"ASSERVIRE Logo\" srcset=\"https:\/\/asservire.com\/wp-content\/uploads\/2022\/11\/cropped-Flavicon_Retina.png 512w, https:\/\/asservire.com\/wp-content\/uploads\/2022\/11\/cropped-Flavicon_Retina-300x300.png 300w, https:\/\/asservire.com\/wp-content\/uploads\/2022\/11\/cropped-Flavicon_Retina-150x150.png 150w, https:\/\/asservire.com\/wp-content\/uploads\/2022\/11\/cropped-Flavicon_Retina-270x270.png 270w, https:\/\/asservire.com\/wp-content\/uploads\/2022\/11\/cropped-Flavicon_Retina-192x192.png 192w, https:\/\/asservire.com\/wp-content\/uploads\/2022\/11\/cropped-Flavicon_Retina-180x180.png 180w, https:\/\/asservire.com\/wp-content\/uploads\/2022\/11\/cropped-Flavicon_Retina-32x32.png 32w\" sizes=\"(max-width: 512px) 100vw, 512px\" \/>\t\t\t\t\t\t\t\t\t\t\t\t\t\t\t<\/div>\n\t\t\t\t<\/div>\n\t\t\t\t\t<\/div>\n\t\t<\/div>\n\t\t\t\t<div class=\"elementor-column elementor-col-33 elementor-top-column elementor-element elementor-element-491e5ce\" data-id=\"491e5ce\" data-element_type=\"column\">\n\t\t\t<div class=\"elementor-widget-wrap\">\n\t\t\t\t\t\t\t<\/div>\n\t\t<\/div>\n\t\t\t\t\t<\/div>\n\t\t<\/section>\n\t\t\t\t<\/div>","protected":false},"excerpt":{"rendered":"<p>Finden Sie mehr \u00fcber die Unternehmensphilosophie von ASSERVIRE heraus Vision | Mission | Werte Vision Jede F\u00fchrungskraft soll sich durch ASSERVIRE in ihrer Pers\u00f6nlichkeit und Handlungskompetenz st\u00e4ndig weiterentwickeln, sich und das eigene Unternehmen erfolgreich machen und dadurch langfristig den Wirtschaftsstandort Deutschland sichern. Mission Wir helfen entsprechend unserem Firmennamen (asservire lat: behilflich sein, beistehen, unterst\u00fctzen) F\u00fchrungskr\u00e4ften [&hellip;]<\/p>","protected":false},"author":1,"featured_media":0,"parent":0,"menu_order":0,"comment_status":"closed","ping_status":"closed","template":"","meta":{"ocean_post_layout":"full-width","ocean_both_sidebars_style":"","ocean_both_sidebars_content_width":0,"ocean_both_sidebars_sidebars_width":0,"ocean_sidebar":"0","ocean_second_sidebar":"0","ocean_disable_margins":"on","ocean_add_body_class":"","ocean_shortcode_before_top_bar":"","ocean_shortcode_after_top_bar":"","ocean_shortcode_before_header":"","ocean_shortcode_after_header":"","ocean_has_shortcode":"","ocean_shortcode_after_title":"","ocean_shortcode_before_footer_widgets":"","ocean_shortcode_after_footer_widgets":"","ocean_shortcode_before_footer_bottom":"","ocean_shortcode_after_footer_bottom":"","ocean_display_top_bar":"off","ocean_display_header":"default","ocean_header_style":"","ocean_center_header_left_menu":"0","ocean_custom_header_template":"0","ocean_custom_logo":0,"ocean_custom_retina_logo":0,"ocean_custom_logo_max_width":0,"ocean_custom_logo_tablet_max_width":0,"ocean_custom_logo_mobile_max_width":0,"ocean_custom_logo_max_height":0,"ocean_custom_logo_tablet_max_height":0,"ocean_custom_logo_mobile_max_height":0,"ocean_header_custom_menu":"0","ocean_menu_typo_font_family":"0","ocean_menu_typo_font_subset":"","ocean_menu_typo_font_size":0,"ocean_menu_typo_font_size_tablet":0,"ocean_menu_typo_font_size_mobile":0,"ocean_menu_typo_font_size_unit":"px","ocean_menu_typo_font_weight":"","ocean_menu_typo_font_weight_tablet":"","ocean_menu_typo_font_weight_mobile":"","ocean_menu_typo_transform":"","ocean_menu_typo_transform_tablet":"","ocean_menu_typo_transform_mobile":"","ocean_menu_typo_line_height":0,"ocean_menu_typo_line_height_tablet":0,"ocean_menu_typo_line_height_mobile":0,"ocean_menu_typo_line_height_unit":"","ocean_menu_typo_spacing":0,"ocean_menu_typo_spacing_tablet":0,"ocean_menu_typo_spacing_mobile":0,"ocean_menu_typo_spacing_unit":"","ocean_menu_link_color":"","ocean_menu_link_color_hover":"","ocean_menu_link_color_active":"","ocean_menu_link_background":"","ocean_menu_link_hover_background":"","ocean_menu_link_active_background":"","ocean_menu_social_links_bg":"","ocean_menu_social_hover_links_bg":"","ocean_menu_social_links_color":"","ocean_menu_social_hover_links_color":"","ocean_disable_title":"on","ocean_disable_heading":"default","ocean_post_title":"","ocean_post_subheading":"","ocean_post_title_style":"","ocean_post_title_background_color":"","ocean_post_title_background":0,"ocean_post_title_bg_image_position":"","ocean_post_title_bg_image_attachment":"","ocean_post_title_bg_image_repeat":"","ocean_post_title_bg_image_size":"","ocean_post_title_height":0,"ocean_post_title_bg_overlay":0.5,"ocean_post_title_bg_overlay_color":"","ocean_disable_breadcrumbs":"default","ocean_breadcrumbs_color":"","ocean_breadcrumbs_separator_color":"","ocean_breadcrumbs_links_color":"","ocean_breadcrumbs_links_hover_color":"","ocean_display_footer_widgets":"default","ocean_display_footer_bottom":"default","ocean_custom_footer_template":"0","footnotes":""},"class_list":["post-1923","page","type-page","status-publish","hentry","entry"],"_links":{"self":[{"href":"https:\/\/asservire.com\/en\/wp-json\/wp\/v2\/pages\/1923","targetHints":{"allow":["GET"]}}],"collection":[{"href":"https:\/\/asservire.com\/en\/wp-json\/wp\/v2\/pages"}],"about":[{"href":"https:\/\/asservire.com\/en\/wp-json\/wp\/v2\/types\/page"}],"author":[{"embeddable":true,"href":"https:\/\/asservire.com\/en\/wp-json\/wp\/v2\/users\/1"}],"replies":[{"embeddable":true,"href":"https:\/\/asservire.com\/en\/wp-json\/wp\/v2\/comments?post=1923"}],"version-history":[{"count":0,"href":"https:\/\/asservire.com\/en\/wp-json\/wp\/v2\/pages\/1923\/revisions"}],"wp:attachment":[{"href":"https:\/\/asservire.com\/en\/wp-json\/wp\/v2\/media?parent=1923"}],"curies":[{"name":"wp","href":"https:\/\/api.w.org\/{rel}","templated":true}]}}